{"id":400,"date":"2017-03-23T11:34:48","date_gmt":"2017-03-23T11:34:48","guid":{"rendered":"https:\/\/lavorazioni.idempiere.consulting\/index.php\/services\/"},"modified":"2024-03-08T13:45:21","modified_gmt":"2024-03-08T13:45:21","slug":"mobile","status":"publish","type":"page","link":"https:\/\/lavorazioni.idempiere.consulting\/index.php\/mobile\/","title":{"rendered":"Mobile"},"content":{"rendered":"<!--themify_builder_content-->\n<div id=\"themify_builder_content-400\" data-postid=\"400\" class=\"themify_builder_content themify_builder_content-400 themify_builder tf_clear\">\n                    <div  data-lazy=\"1\" class=\"module_row themify_builder_row vertical-divider tb_dvn3626 tb_first tf_w\">\n                        <div class=\"row_inner col_align_top tb_col_count_1 tf_box tf_rel\">\n                        <div  data-lazy=\"1\" class=\"module_column tb-column col-full tb_4vvo632 first\">\n                    <!-- module fancy heading -->\n<div  class=\"module module-fancy-heading tb_6x1h634  wow\" data-tf-animation=\"fadeInDown\" data-lazy=\"1\">\n        <h1 class=\"fancy-heading tf_textc\">\n    <span class=\"main-head tf_block\">\n                                <\/span>\n\n    \n    <span class=\"sub-head tf_block tf_rel\">\n                    Mobile            <\/span>\n    <\/h1>\n<\/div>\n<!-- \/module fancy heading -->\n<!-- module text -->\n<div  class=\"module module-text tb_2mht635   \" data-lazy=\"1\">\n        <div  class=\"tb_text_wrap\">\n            <\/div>\n<\/div>\n<!-- \/module text -->        <\/div>\n                        <\/div>\n        <\/div>\n                        <div  data-lazy=\"1\" class=\"module_row themify_builder_row accounting-services compliance-planning tb_ac35627 tf_w\">\n                        <div class=\"row_inner col_align_top tb_col_count_1 tf_box tf_rel\">\n                        <div  data-lazy=\"1\" class=\"module_column tb-column col-full tb_a97d637 first\">\n                    <!-- module fancy heading -->\n<div  class=\"module module-fancy-heading tb_bkd6637  tb_hide_divider\" data-lazy=\"1\">\n        <h2 class=\"fancy-heading tf_textc\">\n    <span class=\"main-head tf_block\">\n                    Funzionalit\u00e0 Mobile            <\/span>\n\n    \n    <span class=\"sub-head tf_block tf_rel\">\n                    APPLICAZIONE MOBILE PER CONSENTIRE AGLI UTENTI DI ACCEDERE AL SOFTWARE E MONITORARE LO STATO DEL SISTEMA OVUNQUE SI TROVINO, GARANTENDO UNA MAGGIORE FLESSIBILIT\u00c0 E REATTIVIT\u00c0.            <\/span>\n    <\/h2>\n<\/div>\n<!-- \/module fancy heading -->\n        <div  data-lazy=\"1\" class=\"module_subrow themify_builder_sub_row tf_w col_align_top gutter-none tb_col_count_3 tb_j2yv637\">\n                <div  data-lazy=\"1\" class=\"module_column sub_column col3-1 tb_h4m6156 first\">\n                    <!-- module image -->\n<div  class=\"module module-image tb_ub3d157 image-center   tf_mw wow\" data-tf-animation=\"zoomIn\" data-lazy=\"1\">\n        <div class=\"image-wrap tf_rel tf_mw\">\n            <img loading=\"lazy\" decoding=\"async\" src=\"https:\/\/lavorazioni.idempiere.consulting\/wp-content\/uploads\/2024\/03\/smartphone_FILL0_wght400_GRAD0_opsz24.svg\" width=\"73\" height=\"70\" class=\"wp-post-image wp-image-545\" title=\"ACCESSO MOBILE\" alt=\"Gestisci le tue attivit\u00e0 direttamente dal tuo dispositivo mobile, senza bisogno di essere vincolato a una connessione internet.\">    \n        <\/div>\n    <!-- \/image-wrap -->\n    \n        <div class=\"image-content\">\n                    <h3 class=\"image-title\">\n                                    ACCESSO MOBILE                            <\/h3>\n                        <div class=\"image-caption tb_text_wrap\">\n            Gestisci le tue attivit\u00e0 direttamente dal tuo dispositivo mobile, senza bisogno di essere vincolato a una connessione internet.        <\/div>\n        <!-- \/image-caption -->\n            <\/div>\n    <!-- \/image-content -->\n        <\/div>\n<!-- \/module image -->        <\/div>\n                    <div  data-lazy=\"1\" class=\"module_column sub_column col3-1 tb_skbl768\">\n                    <!-- module image -->\n<div  class=\"module module-image tb_tuhz621 image-center   tf_mw wow\" data-tf-animation=\"zoomIn\" data-tf-animation_delay=\".2\" data-lazy=\"1\">\n        <div class=\"image-wrap tf_rel tf_mw\">\n            <img loading=\"lazy\" decoding=\"async\" src=\"https:\/\/lavorazioni.idempiere.consulting\/wp-content\/uploads\/2024\/03\/qr_code_2_FILL0_wght400_GRAD0_opsz24.svg\" width=\"76\" height=\"70\" class=\"wp-post-image wp-image-546\" title=\"SUPPORTO PER QR CODE CODICE A BARRE E NFC\" alt=\"L\u2019applicazione pu\u00f2 supportare la scansione di QR code o codice a barre NFC su dispositivi per accedere rapidamente a informazioni dettagliate offline su dispositivi specifici o posizioni nell\u2019edificio.\">    \n        <\/div>\n    <!-- \/image-wrap -->\n    \n        <div class=\"image-content\">\n                    <h3 class=\"image-title\">\n                                    SUPPORTO PER QR CODE CODICE A BARRE E NFC                            <\/h3>\n                        <div class=\"image-caption tb_text_wrap\">\n            L\u2019applicazione pu\u00f2 supportare la scansione di QR code o codice a barre NFC su dispositivi per accedere rapidamente a informazioni dettagliate offline su dispositivi specifici o posizioni nell\u2019edificio.        <\/div>\n        <!-- \/image-caption -->\n            <\/div>\n    <!-- \/image-content -->\n        <\/div>\n<!-- \/module image -->        <\/div>\n                    <div  data-lazy=\"1\" class=\"module_column sub_column col3-1 tb_lc7i706 last\">\n                    <!-- module image -->\n<div  class=\"module module-image tb_xzx4706 image-center   tf_mw wow\" data-tf-animation=\"zoomIn\" data-tf-animation_delay=\".4\" data-lazy=\"1\">\n        <div class=\"image-wrap tf_rel tf_mw\">\n            <img loading=\"lazy\" decoding=\"async\" src=\"https:\/\/lavorazioni.idempiere.consulting\/wp-content\/uploads\/2024\/03\/wifi_off_FILL0_wght400_GRAD0_opsz24.svg\" width=\"53\" height=\"70\" class=\"wp-post-image wp-image-544\" title=\"GESTIONE MOBILE OFFLINE\" alt=\"Il software diventa ancora pi\u00f9 robusto e adatto a soddisfare le esigenze di utilizzo in vari contesti operativi, garantendo la continuit\u00e0 delle operazioni anche nelle condizioni pi\u00f9 impegnative.\">    \n        <\/div>\n    <!-- \/image-wrap -->\n    \n        <div class=\"image-content\">\n                    <h3 class=\"image-title\">\n                                    GESTIONE MOBILE OFFLINE                            <\/h3>\n                        <div class=\"image-caption tb_text_wrap\">\n            Il software diventa ancora pi\u00f9 robusto e adatto a soddisfare le esigenze di utilizzo in vari contesti operativi, garantendo la continuit\u00e0 delle operazioni anche nelle condizioni pi\u00f9 impegnative.        <\/div>\n        <!-- \/image-caption -->\n            <\/div>\n    <!-- \/image-content -->\n        <\/div>\n<!-- \/module image -->        <\/div>\n                    <\/div>\n                <div  data-lazy=\"1\" class=\"module_subrow themify_builder_sub_row tf_w col_align_top gutter-none tb_col_count_3 tb_0bz0640\">\n                <div  data-lazy=\"1\" class=\"module_column sub_column col3-1 tb_54ui792 first\">\n                    <!-- module image -->\n<div  class=\"module module-image tb_hrdg793 image-center   tf_mw wow\" data-tf-animation=\"zoomIn\" data-tf-animation_delay=\".6\" data-lazy=\"1\">\n        <div class=\"image-wrap tf_rel tf_mw\">\n            <img loading=\"lazy\" decoding=\"async\" src=\"https:\/\/lavorazioni.idempiere.consulting\/wp-content\/uploads\/2024\/03\/cloud_sync_FILL0_wght400_GRAD0_opsz24.svg\" width=\"54\" height=\"70\" class=\"wp-post-image wp-image-543\" title=\"SINCRONIZZAZIONE AUTOMATICA DEI DATI\" alt=\"Quando la connessione internet \u00e8 disponibile, il software sincronizza automaticamente i dati modificati o aggiornati, garantendo che tutte le informazioni siano sempre aggiornate e disponibili su tutti i dispositivi.\">    \n        <\/div>\n    <!-- \/image-wrap -->\n    \n        <div class=\"image-content\">\n                    <h3 class=\"image-title\">\n                                    SINCRONIZZAZIONE AUTOMATICA DEI DATI                            <\/h3>\n                        <div class=\"image-caption tb_text_wrap\">\n            Quando la connessione internet \u00e8 disponibile, il software sincronizza automaticamente i dati modificati o aggiornati, garantendo che tutte le informazioni siano sempre aggiornate e disponibili su tutti i dispositivi.        <\/div>\n        <!-- \/image-caption -->\n            <\/div>\n    <!-- \/image-content -->\n        <\/div>\n<!-- \/module image -->        <\/div>\n                    <div  data-lazy=\"1\" class=\"module_column sub_column col3-1 tb_1erp656\">\n                    <!-- module image -->\n<div  class=\"module module-image tb_inrh657 image-center   tf_mw wow\" data-tf-animation=\"zoomIn\" data-tf-animation_delay=\".8\" data-lazy=\"1\">\n        <div class=\"image-wrap tf_rel tf_mw\">\n            <img loading=\"lazy\" decoding=\"async\" src=\"https:\/\/lavorazioni.idempiere.consulting\/wp-content\/uploads\/2024\/03\/settings_backup_restore_FILL0_wght400_GRAD0_opsz24.svg\" width=\"61\" height=\"70\" class=\"wp-post-image wp-image-547\" title=\"VISUALIZZAZIONE DEI DATI PRECEDENTI\" alt=\"Gli utenti possono visualizzare e consultare i dati precedenti anche in modalit\u00e0 offline, consentendo loro di accedere a informazioni cruciali anche in situazioni di emergenza o inaccessibilit\u00e0 alla rete.\">    \n        <\/div>\n    <!-- \/image-wrap -->\n    \n        <div class=\"image-content\">\n                    <h3 class=\"image-title\">\n                                    VISUALIZZAZIONE DEI DATI PRECEDENTI                            <\/h3>\n                        <div class=\"image-caption tb_text_wrap\">\n            Gli utenti possono visualizzare e consultare i dati precedenti anche in modalit\u00e0 offline, consentendo loro di accedere a informazioni cruciali anche in situazioni di emergenza o inaccessibilit\u00e0 alla rete.        <\/div>\n        <!-- \/image-caption -->\n            <\/div>\n    <!-- \/image-content -->\n        <\/div>\n<!-- \/module image -->        <\/div>\n                    <div  data-lazy=\"1\" class=\"module_column sub_column col3-1 tb_2xjr325 last\">\n                    <!-- module image -->\n<div  class=\"module module-image tb_zbw0326 image-center   tf_mw wow\" data-tf-animation=\"zoomIn\" data-tf-animation_delay=\"1\" data-lazy=\"1\">\n        <div class=\"image-wrap tf_rel tf_mw\">\n            <img loading=\"lazy\" decoding=\"async\" src=\"https:\/\/lavorazioni.idempiere.consulting\/wp-content\/uploads\/2024\/03\/shield_lock_FILL0_wght400_GRAD0_opsz24.svg\" width=\"55\" height=\"70\" class=\"wp-post-image wp-image-549\" title=\"MODALIT\u00c0 OFFLINE SICURA\" alt=\"Tutte le modifiche effettuate in modalit\u00e0 offline sono salvate localmente e crittografate per garantire la sicurezza e l\u2019integrit\u00e0 dei dati.\">    \n        <\/div>\n    <!-- \/image-wrap -->\n    \n        <div class=\"image-content\">\n                    <h3 class=\"image-title\">\n                                    MODALIT\u00c0 OFFLINE SICURA                            <\/h3>\n                        <div class=\"image-caption tb_text_wrap\">\n            Tutte le modifiche effettuate in modalit\u00e0 offline sono salvate localmente e crittografate per garantire la sicurezza e l\u2019integrit\u00e0 dei dati.        <\/div>\n        <!-- \/image-caption -->\n            <\/div>\n    <!-- \/image-content -->\n        <\/div>\n<!-- \/module image -->        <\/div>\n                    <\/div>\n                <\/div>\n                        <\/div>\n        <\/div>\n                        <div  data-lazy=\"1\" class=\"module_row themify_builder_row accounting-services compliance-planning tb_bpud627 tf_w\">\n                        <div class=\"row_inner col_align_top tb_col_count_1 tf_box tf_rel\">\n                        <div  data-lazy=\"1\" class=\"module_column tb-column col-full tb_3h32641 first\">\n                    <!-- module fancy heading -->\n<div  class=\"module module-fancy-heading tb_0umi642 \" data-lazy=\"1\">\n        <h2 class=\"fancy-heading tf_textc\">\n    <span class=\"main-head tf_block\">\n                    Altri Funzioni            <\/span>\n\n    \n    <span class=\"sub-head tf_block tf_rel\">\n                                <\/span>\n    <\/h2>\n<\/div>\n<!-- \/module fancy heading -->\n        <div  data-lazy=\"1\" class=\"module_subrow themify_builder_sub_row tf_w col_align_top gutter-none tb_col_count_3 tb_xyhv642\">\n                <div  data-lazy=\"1\" class=\"module_column sub_column col3-1 tb_y2nx642 first\">\n                    <!-- module image -->\n<div  class=\"module module-image tb_jeqm642 image-center rounded circle  tf_mw wow\" data-tf-animation=\"zoomIn\" data-tf-animation_delay=\".2\" data-lazy=\"1\">\n        <div class=\"image-wrap tf_rel tf_mw\">\n            <img loading=\"lazy\" decoding=\"async\" src=\"https:\/\/lavorazioni.idempiere.consulting\/wp-content\/uploads\/2024\/03\/niclas-illg-FnfGRMXENYg-unsplash-819x1024-75x63.jpg\" width=\"75\" height=\"63\" class=\"wp-post-image wp-image-566\" title=\"FACILIT\u00c0 D\u2019USO\" alt=\"La nostra interfaccia utente intuitiva rende la gestione delle attivit\u00e0 di Conto lavoro un gioco da ragazzi, anche per gli utenti meno esperti.\">    \n        <\/div>\n    <!-- \/image-wrap -->\n    \n        <div class=\"image-content\">\n                    <h3 class=\"image-title\">\n                                    FACILIT\u00c0 D\u2019USO                            <\/h3>\n                        <div class=\"image-caption tb_text_wrap\">\n            La nostra interfaccia utente intuitiva rende la gestione delle attivit\u00e0 di Conto lavoro un gioco da ragazzi, anche per gli utenti meno esperti.        <\/div>\n        <!-- \/image-caption -->\n            <\/div>\n    <!-- \/image-content -->\n        <\/div>\n<!-- \/module image -->        <\/div>\n                    <div  data-lazy=\"1\" class=\"module_column sub_column col3-1 tb_d1nt642\">\n                    <!-- module image -->\n<div  class=\"module module-image tb_abaz642 image-center rounded circle  tf_mw wow\" data-tf-animation=\"zoomIn\" data-lazy=\"1\">\n        <div class=\"image-wrap tf_rel tf_mw\">\n            <img loading=\"lazy\" decoding=\"async\" src=\"https:\/\/lavorazioni.idempiere.consulting\/wp-content\/uploads\/2024\/03\/jason-goodman-Oalh2MojUuk-unsplash-1024x683-75x63.jpg\" width=\"75\" height=\"63\" class=\"wp-post-image wp-image-565\" title=\"GESTIONE SEMPLIFICATA\" alt=\"Accedi alle informazioni dei tuoi clienti, controlla lo stato degli ordini e gestisci i dettagli delle vendite in modo rapido e intuitivo. Grazie a una navigazione chiara e a un\u2019interfaccia utente user-friendly, hai tutte le informazioni di cui hai bisogno a portata di mano.\">    \n        <\/div>\n    <!-- \/image-wrap -->\n    \n        <div class=\"image-content\">\n                    <h3 class=\"image-title\">\n                                    GESTIONE SEMPLIFICATA                            <\/h3>\n                        <div class=\"image-caption tb_text_wrap\">\n            Accedi alle informazioni dei tuoi clienti, controlla lo stato degli ordini e gestisci i dettagli delle vendite in modo rapido e intuitivo. Grazie a una navigazione chiara e a un\u2019interfaccia utente user-friendly, hai tutte le informazioni di cui hai bisogno a portata di mano.        <\/div>\n        <!-- \/image-caption -->\n            <\/div>\n    <!-- \/image-content -->\n        <\/div>\n<!-- \/module image -->        <\/div>\n                    <div  data-lazy=\"1\" class=\"module_column sub_column col3-1 tb_igkb643 last\">\n                    <!-- module image -->\n<div  class=\"module module-image tb_i24p643 image-center rounded circle  tf_mw wow\" data-tf-animation=\"zoomIn\" data-tf-animation_delay=\".4\" data-lazy=\"1\">\n        <div class=\"image-wrap tf_rel tf_mw\">\n            <img loading=\"lazy\" decoding=\"async\" src=\"https:\/\/lavorazioni.idempiere.consulting\/wp-content\/uploads\/2024\/03\/pexels-mart-production-7709216-1024x683-75x63.jpg\" width=\"75\" height=\"63\" class=\"wp-post-image wp-image-564\" title=\"SUPPORTO CLIENTI E ASSISTENZA TECNICA\" alt=\"Un servizio clienti e un\u2019assistenza tecnica dedicata per rispondere alle esigenze degli utenti, risolvere eventuali problemi e fornire consulenza sulle migliori pratiche.\">    \n        <\/div>\n    <!-- \/image-wrap -->\n    \n        <div class=\"image-content\">\n                    <h3 class=\"image-title\">\n                                    SUPPORTO CLIENTI E ASSISTENZA TECNICA                            <\/h3>\n                        <div class=\"image-caption tb_text_wrap\">\n            Un servizio clienti e un\u2019assistenza tecnica dedicata per rispondere alle esigenze degli utenti, risolvere eventuali problemi e fornire consulenza sulle migliori pratiche.        <\/div>\n        <!-- \/image-caption -->\n            <\/div>\n    <!-- \/image-content -->\n        <\/div>\n<!-- \/module image -->        <\/div>\n                    <\/div>\n                <\/div>\n                        <\/div>\n        <\/div>\n                        <div  data-css_id=\"t9wb627\" data-lazy=\"1\" class=\"module_row themify_builder_row about-team fullwidth tb_t9wb627 tf_w\">\n                        <div class=\"row_inner col_align_top tb_col_count_1 tf_box tf_rel\">\n                        <div  data-lazy=\"1\" class=\"module_column tb-column col-full tb_id6e650 first\">\n                    <!-- module text -->\n<div  class=\"module module-text tb_5ggh545   \" data-lazy=\"1\">\n        <div  class=\"tb_text_wrap\">\n        <div class=\"toolwraper\">\n<h1 id=\"output-content\">Contattaci per un colloquio gratuito.<span style=\"color: #636363; font-family: 'Public Sans', Arial, sans-serif; font-size: 1em; font-weight: normal; letter-spacing: -0.007em;\">\u00a0<\/span><\/h1>\n<h5>\u00a0<\/h5>\n<\/div>    <\/div>\n<\/div>\n<!-- \/module text --><!-- module buttons -->\n<div  class=\"module module-buttons tb_31lw650 buttons-horizontal solid   squared\" data-lazy=\"1\">\n        <div class=\"module-buttons-item tf_in_flx\">\n                        <a href=\"https:\/\/lavorazioni.idempiere.consulting\/index.php\/contact\/#Contact\" class=\"ui builder_button tf_in_flx brown\" >\n                                                DEMO                                        <\/a>\n                <\/div>\n            <\/div>\n<!-- \/module buttons -->\n        <\/div>\n                        <\/div>\n        <\/div>\n        <\/div>\n<!--\/themify_builder_content-->","protected":false},"excerpt":{"rendered":"<p>Mobile Funzionalit\u00e0 MobileAPPLICAZIONE MOBILE PER CONSENTIRE AGLI UTENTI DI ACCEDERE AL SOFTWARE E MONITORARE LO STATO DEL SISTEMA OVUNQUE SI TROVINO, GARANTENDO UNA MAGGIORE FLESSIBILIT\u00c0 E REATTIVIT\u00c0. ACCESSO MOBILE Gestisci le tue attivit\u00e0 direttamente dal tuo dispositivo mobile, senza bisogno di essere vincolato a una connessione internet. SUPPORTO PER QR CODE CODICE A BARRE E [&hellip;]<\/p>\n","protected":false},"author":1,"featured_media":0,"parent":0,"menu_order":0,"comment_status":"closed","ping_status":"closed","template":"","meta":{"_joinchat":[],"footnotes":""},"class_list":["post-400","page","type-page","status-publish","hentry","has-post-title","has-post-date","has-post-category","has-post-tag","has-post-comment","has-post-author",""],"builder_content":"<h1><br\/>Mobile<\/h1>\n\n<h2>Funzionalit\u00e0 Mobile<br\/>APPLICAZIONE MOBILE PER CONSENTIRE AGLI UTENTI DI ACCEDERE AL SOFTWARE E MONITORARE LO STATO DEL SISTEMA OVUNQUE SI TROVINO, GARANTENDO UNA MAGGIORE FLESSIBILIT\u00c0 E REATTIVIT\u00c0.<\/h2>\n<img src=\"https:\/\/lavorazioni.idempiere.consulting\/wp-content\/uploads\/2024\/03\/smartphone_FILL0_wght400_GRAD0_opsz24.svg\" width=\"73\" height=\"70\" title=\"ACCESSO MOBILE\" alt=\"Gestisci le tue attivit\u00e0 direttamente dal tuo dispositivo mobile, senza bisogno di essere vincolato a una connessione internet.\"> <h3> ACCESSO MOBILE <\/h3> Gestisci le tue attivit\u00e0 direttamente dal tuo dispositivo mobile, senza bisogno di essere vincolato a una connessione internet.\n<img src=\"https:\/\/lavorazioni.idempiere.consulting\/wp-content\/uploads\/2024\/03\/qr_code_2_FILL0_wght400_GRAD0_opsz24.svg\" width=\"76\" height=\"70\" title=\"SUPPORTO PER QR CODE CODICE A BARRE E NFC\" alt=\"L\u2019applicazione pu\u00f2 supportare la scansione di QR code o codice a barre NFC su dispositivi per accedere rapidamente a informazioni dettagliate offline su dispositivi specifici o posizioni nell\u2019edificio.\"> <h3> SUPPORTO PER QR CODE CODICE A BARRE E NFC <\/h3> L\u2019applicazione pu\u00f2 supportare la scansione di QR code o codice a barre NFC su dispositivi per accedere rapidamente a informazioni dettagliate offline su dispositivi specifici o posizioni nell\u2019edificio.\n<img src=\"https:\/\/lavorazioni.idempiere.consulting\/wp-content\/uploads\/2024\/03\/wifi_off_FILL0_wght400_GRAD0_opsz24.svg\" width=\"53\" height=\"70\" title=\"GESTIONE MOBILE OFFLINE\" alt=\"Il software diventa ancora pi\u00f9 robusto e adatto a soddisfare le esigenze di utilizzo in vari contesti operativi, garantendo la continuit\u00e0 delle operazioni anche nelle condizioni pi\u00f9 impegnative.\"> <h3> GESTIONE MOBILE OFFLINE <\/h3> Il software diventa ancora pi\u00f9 robusto e adatto a soddisfare le esigenze di utilizzo in vari contesti operativi, garantendo la continuit\u00e0 delle operazioni anche nelle condizioni pi\u00f9 impegnative.\n<img src=\"https:\/\/lavorazioni.idempiere.consulting\/wp-content\/uploads\/2024\/03\/cloud_sync_FILL0_wght400_GRAD0_opsz24.svg\" width=\"54\" height=\"70\" title=\"SINCRONIZZAZIONE AUTOMATICA DEI DATI\" alt=\"Quando la connessione internet \u00e8 disponibile, il software sincronizza automaticamente i dati modificati o aggiornati, garantendo che tutte le informazioni siano sempre aggiornate e disponibili su tutti i dispositivi.\"> <h3> SINCRONIZZAZIONE AUTOMATICA DEI DATI <\/h3> Quando la connessione internet \u00e8 disponibile, il software sincronizza automaticamente i dati modificati o aggiornati, garantendo che tutte le informazioni siano sempre aggiornate e disponibili su tutti i dispositivi.\n<img src=\"https:\/\/lavorazioni.idempiere.consulting\/wp-content\/uploads\/2024\/03\/settings_backup_restore_FILL0_wght400_GRAD0_opsz24.svg\" width=\"61\" height=\"70\" title=\"VISUALIZZAZIONE DEI DATI PRECEDENTI\" alt=\"Gli utenti possono visualizzare e consultare i dati precedenti anche in modalit\u00e0 offline, consentendo loro di accedere a informazioni cruciali anche in situazioni di emergenza o inaccessibilit\u00e0 alla rete.\"> <h3> VISUALIZZAZIONE DEI DATI PRECEDENTI <\/h3> Gli utenti possono visualizzare e consultare i dati precedenti anche in modalit\u00e0 offline, consentendo loro di accedere a informazioni cruciali anche in situazioni di emergenza o inaccessibilit\u00e0 alla rete.\n<img src=\"https:\/\/lavorazioni.idempiere.consulting\/wp-content\/uploads\/2024\/03\/shield_lock_FILL0_wght400_GRAD0_opsz24.svg\" width=\"55\" height=\"70\" title=\"MODALIT\u00c0 OFFLINE SICURA\" alt=\"Tutte le modifiche effettuate in modalit\u00e0 offline sono salvate localmente e crittografate per garantire la sicurezza e l\u2019integrit\u00e0 dei dati.\"> <h3> MODALIT\u00c0 OFFLINE SICURA <\/h3> Tutte le modifiche effettuate in modalit\u00e0 offline sono salvate localmente e crittografate per garantire la sicurezza e l\u2019integrit\u00e0 dei dati.\n<h2>Altri Funzioni<br\/><\/h2>\n<img src=\"https:\/\/lavorazioni.idempiere.consulting\/wp-content\/uploads\/2024\/03\/niclas-illg-FnfGRMXENYg-unsplash-819x1024-75x63.jpg\" width=\"75\" height=\"63\" title=\"FACILIT\u00c0 D\u2019USO\" alt=\"La nostra interfaccia utente intuitiva rende la gestione delle attivit\u00e0 di Conto lavoro un gioco da ragazzi, anche per gli utenti meno esperti.\"> <h3> FACILIT\u00c0 D\u2019USO <\/h3> La nostra interfaccia utente intuitiva rende la gestione delle attivit\u00e0 di Conto lavoro un gioco da ragazzi, anche per gli utenti meno esperti.\n<img src=\"https:\/\/lavorazioni.idempiere.consulting\/wp-content\/uploads\/2024\/03\/jason-goodman-Oalh2MojUuk-unsplash-1024x683-75x63.jpg\" width=\"75\" height=\"63\" title=\"GESTIONE SEMPLIFICATA\" alt=\"Accedi alle informazioni dei tuoi clienti, controlla lo stato degli ordini e gestisci i dettagli delle vendite in modo rapido e intuitivo. Grazie a una navigazione chiara e a un\u2019interfaccia utente user-friendly, hai tutte le informazioni di cui hai bisogno a portata di mano.\"> <h3> GESTIONE SEMPLIFICATA <\/h3> Accedi alle informazioni dei tuoi clienti, controlla lo stato degli ordini e gestisci i dettagli delle vendite in modo rapido e intuitivo. Grazie a una navigazione chiara e a un\u2019interfaccia utente user-friendly, hai tutte le informazioni di cui hai bisogno a portata di mano.\n<img src=\"https:\/\/lavorazioni.idempiere.consulting\/wp-content\/uploads\/2024\/03\/pexels-mart-production-7709216-1024x683-75x63.jpg\" width=\"75\" height=\"63\" title=\"SUPPORTO CLIENTI E ASSISTENZA TECNICA\" alt=\"Un servizio clienti e un\u2019assistenza tecnica dedicata per rispondere alle esigenze degli utenti, risolvere eventuali problemi e fornire consulenza sulle migliori pratiche.\"> <h3> SUPPORTO CLIENTI E ASSISTENZA TECNICA <\/h3> Un servizio clienti e un\u2019assistenza tecnica dedicata per rispondere alle esigenze degli utenti, risolvere eventuali problemi e fornire consulenza sulle migliori pratiche.\n<h1 id=\"output-content\">Contattaci per un colloquio gratuito.\u00a0<\/h1> <h5>\u00a0<\/h5>\n<a href=\"https:\/\/lavorazioni.idempiere.consulting\/index.php\/contact\/#Contact\" > DEMO <\/a>","_links":{"self":[{"href":"https:\/\/lavorazioni.idempiere.consulting\/index.php\/wp-json\/wp\/v2\/pages\/400","targetHints":{"allow":["GET"]}}],"collection":[{"href":"https:\/\/lavorazioni.idempiere.consulting\/index.php\/wp-json\/wp\/v2\/pages"}],"about":[{"href":"https:\/\/lavorazioni.idempiere.consulting\/index.php\/wp-json\/wp\/v2\/types\/page"}],"author":[{"embeddable":true,"href":"https:\/\/lavorazioni.idempiere.consulting\/index.php\/wp-json\/wp\/v2\/users\/1"}],"replies":[{"embeddable":true,"href":"https:\/\/lavorazioni.idempiere.consulting\/index.php\/wp-json\/wp\/v2\/comments?post=400"}],"version-history":[{"count":13,"href":"https:\/\/lavorazioni.idempiere.consulting\/index.php\/wp-json\/wp\/v2\/pages\/400\/revisions"}],"predecessor-version":[{"id":587,"href":"https:\/\/lavorazioni.idempiere.consulting\/index.php\/wp-json\/wp\/v2\/pages\/400\/revisions\/587"}],"wp:attachment":[{"href":"https:\/\/lavorazioni.idempiere.consulting\/index.php\/wp-json\/wp\/v2\/media?parent=400"}],"curies":[{"name":"wp","href":"https:\/\/api.w.org\/{rel}","templated":true}]}}